{"id":159,"date":"2022-04-04T19:01:14","date_gmt":"2022-04-04T18:01:14","guid":{"rendered":"https:\/\/en-hongrie.fr\/?page_id=159"},"modified":"2022-04-04T19:16:42","modified_gmt":"2022-04-04T18:16:42","slug":"liens","status":"publish","type":"page","link":"https:\/\/en-hongrie.fr\/?page_id=159","title":{"rendered":"Liens"},"content":{"rendered":"\n<p class=\"wp-block-paragraph\"><a href=\"https:\/\/imagesinfraordinaires.fr\/\" data-type=\"URL\" data-id=\"https:\/\/imagesinfraordinaires.fr\/\">Images infraordinaires<\/a> , le site d&rsquo;un ami photographe et voyageur, de tr\u00e8s belles photos r\u00e9alis\u00e9es \u00e0 la chambre.<\/p>\n","protected":false},"excerpt":{"rendered":"<p>Images infraordinaires , le site d&rsquo;un ami photographe et voyageur, de tr\u00e8s belles photos r\u00e9alis\u00e9es \u00e0 la chambre.<\/p>\n","protected":false},"author":1,"featured_media":0,"parent":0,"menu_order":0,"comment_status":"closed","ping_status":"closed","template":"","meta":{"_crdt_document":"","footnotes":""},"class_list":["post-159","page","type-page","status-publish","hentry"],"_links":{"self":[{"href":"https:\/\/en-hongrie.fr\/index.php?rest_route=\/wp\/v2\/pages\/159","targetHints":{"allow":["GET"]}}],"collection":[{"href":"https:\/\/en-hongrie.fr\/index.php?rest_route=\/wp\/v2\/pages"}],"about":[{"href":"https:\/\/en-hongrie.fr\/index.php?rest_route=\/wp\/v2\/types\/page"}],"author":[{"embeddable":true,"href":"https:\/\/en-hongrie.fr\/index.php?rest_route=\/wp\/v2\/users\/1"}],"replies":[{"embeddable":true,"href":"https:\/\/en-hongrie.fr\/index.php?rest_route=%2Fwp%2Fv2%2Fcomments&post=159"}],"version-history":[{"count":3,"href":"https:\/\/en-hongrie.fr\/index.php?rest_route=\/wp\/v2\/pages\/159\/revisions"}],"predecessor-version":[{"id":165,"href":"https:\/\/en-hongrie.fr\/index.php?rest_route=\/wp\/v2\/pages\/159\/revisions\/165"}],"wp:attachment":[{"href":"https:\/\/en-hongrie.fr\/index.php?rest_route=%2Fwp%2Fv2%2Fmedia&parent=159"}],"curies":[{"name":"wp","href":"https:\/\/api.w.org\/{rel}","templated":true}]}}